{"id":28933,"date":"2026-03-18T17:45:23","date_gmt":"2026-03-18T16:45:23","guid":{"rendered":"http:\/\/mykrypto.ch\/wp\/?page_id=28933"},"modified":"2026-03-19T21:29:00","modified_gmt":"2026-03-19T20:29:00","slug":"profithub-anleitung","status":"publish","type":"page","link":"http:\/\/mykrypto.ch\/wp\/profithub-anleitung\/","title":{"rendered":"ProfitHub Anleitung"},"content":{"rendered":"<p>[et_pb_section fb_built=&#8220;1&#8243; _builder_version=&#8220;4.27.5&#8243; _module_preset=&#8220;default&#8220; global_colors_info=&#8220;{}&#8220;][et_pb_row _builder_version=&#8220;4.27.5&#8243; _module_preset=&#8220;default&#8220; global_colors_info=&#8220;{}&#8220;][et_pb_column type=&#8220;4_4&#8243; _builder_version=&#8220;4.27.5&#8243; _module_preset=&#8220;default&#8220; global_colors_info=&#8220;{}&#8220;][et_pb_text _builder_version=&#8220;4.27.5&#8243; _module_preset=&#8220;default&#8220; hover_enabled=&#8220;0&#8243; global_colors_info=&#8220;{}&#8220; sticky_enabled=&#8220;0&#8243;]<\/p>\n<p>ProfitHub ist ein App innerhalb des Telegramm &#8217;s<\/p>\n<p>Nach jedem benutzen des App oben linkx aufs X klicken um das App zu schliessen<\/p>\n<p><strong>Mein Pronzip ist folgendes:<\/strong><\/p>\n<ul>\n<li>Meiner alle 12 Stunden wieder starten. Aufwand pro Tag maximal 2Minuten und verdienst umwandeln un usdT<\/li>\n<li>Erst 2 Tage nur mir dem Basis Geschwindigkeit Starten<\/li>\n<li>Aufgaben erledigen, die sind meist rasch und einfach zu erledigen. Man bekommt daf\u00fcr Geschwindigkeit f\u00fcr den Miner<\/li>\n<li>Nach 1 Woche falls bei Empfehlung noch kein Betrag steht, selbst die 3usd einzahlen und die 1ste Auszahlung durchf\u00fchren, so siehst du wie gut es geht.<\/li>\n<li>Ab nun an einem Tag ReInvestieren und am anderem Tag auszahlen aufs externe Wallet<\/li>\n<\/ul>\n<p>&nbsp;<\/p>\n<p><strong>Wie ist das App aufgebaut:<\/strong><\/p>\n<p>[\/et_pb_text][et_pb_text _builder_version=&#8220;4.27.5&#8243; _module_preset=&#8220;default&#8220; global_colors_info=&#8220;{}&#8220;]<\/p>\n<h1>Miner<\/h1>\n<table border=\"1\" style=\"border-collapse: collapse; width: 100%;\">\n<tbody>\n<tr>\n<td style=\"width: 50%;\"><img loading=\"lazy\" decoding=\"async\" src=\"http:\/\/mykrypto.ch\/wp\/wp-content\/uploads\/2026\/03\/ProfitHub01-122x300.jpg\" width=\"122\" height=\"300\" alt=\"\" class=\"wp-image-28935 alignnone size-medium\" srcset=\"http:\/\/mykrypto.ch\/wp\/wp-content\/uploads\/2026\/03\/ProfitHub01-122x300.jpg 122w, http:\/\/mykrypto.ch\/wp\/wp-content\/uploads\/2026\/03\/ProfitHub01.jpg 384w\" sizes=\"(max-width: 122px) 100vw, 122px\" \/><\/td>\n<td style=\"width: 50%;\">\n<ol>\n<li>Verdienteer Betrag zum Auszahlen oder Reinvestieren<\/li>\n<li>Wie lange l\u00e4uft der Miner noch oder zum diesen neu Starten<\/li>\n<li>Geschwindigkeit des Miner<\/li>\n<li>Verdienst, was noch nicht umgewandelt wurde ind usdT<\/li>\n<\/ol>\n<\/td>\n<\/tr>\n<\/tbody>\n<\/table>\n<p>[\/et_pb_text][et_pb_text _builder_version=&#8220;4.27.5&#8243; _module_preset=&#8220;default&#8220; global_colors_info=&#8220;{}&#8220;]<\/p>\n<h1>Leistung kaufen mit externem Geld<\/h1>\n<table border=\"1\" style=\"border-collapse: collapse; width: 100%;\">\n<tbody>\n<tr>\n<td style=\"width: 50%;\"><img loading=\"lazy\" decoding=\"async\" src=\"http:\/\/mykrypto.ch\/wp\/wp-content\/uploads\/2026\/03\/ProfitHub02-122x300.jpg\" width=\"122\" height=\"300\" alt=\"\" class=\"wp-image-28936 alignnone size-medium\" srcset=\"http:\/\/mykrypto.ch\/wp\/wp-content\/uploads\/2026\/03\/ProfitHub02-122x300.jpg 122w, http:\/\/mykrypto.ch\/wp\/wp-content\/uploads\/2026\/03\/ProfitHub02.jpg 384w\" sizes=\"(max-width: 122px) 100vw, 122px\" \/><\/td>\n<td style=\"width: 50%;\">\n<ol>\n<li>Gewunschter Betrag eingeben<\/li>\n<li>Wird angezeigt um wieviel schneller der Miner sein wird<\/li>\n<li>Betrag bezahlen<\/li>\n<\/ol>\n<\/td>\n<\/tr>\n<tr>\n<td style=\"width: 50%;\"><img loading=\"lazy\" decoding=\"async\" src=\"http:\/\/mykrypto.ch\/wp\/wp-content\/uploads\/2026\/03\/ProfitHub02a-122x300.jpg\" width=\"122\" height=\"300\" alt=\"\" class=\"wp-image-28937 alignnone size-medium\" srcset=\"http:\/\/mykrypto.ch\/wp\/wp-content\/uploads\/2026\/03\/ProfitHub02a-122x300.jpg 122w, http:\/\/mykrypto.ch\/wp\/wp-content\/uploads\/2026\/03\/ProfitHub02a.jpg 384w\" sizes=\"(max-width: 122px) 100vw, 122px\" \/><\/td>\n<td style=\"width: 50%;\">Zahlungsw\u00e4hrung ausw\u00e4hlen<\/td>\n<\/tr>\n<\/tbody>\n<\/table>\n<p>[\/et_pb_text][et_pb_text _builder_version=&#8220;4.27.5&#8243; _module_preset=&#8220;default&#8220; global_colors_info=&#8220;{}&#8220;]<\/p>\n<h1>Vermittlung\/Provision<\/h1>\n<table border=\"1\" style=\"border-collapse: collapse; width: 100%;\">\n<tbody>\n<tr>\n<td style=\"width: 50%;\"><img loading=\"lazy\" decoding=\"async\" src=\"http:\/\/mykrypto.ch\/wp\/wp-content\/uploads\/2026\/03\/ProfitHub03-121x300.jpg\" width=\"121\" height=\"300\" alt=\"\" class=\"wp-image-28938 alignnone size-medium\" srcset=\"http:\/\/mykrypto.ch\/wp\/wp-content\/uploads\/2026\/03\/ProfitHub03-121x300.jpg 121w, http:\/\/mykrypto.ch\/wp\/wp-content\/uploads\/2026\/03\/ProfitHub03.jpg 378w\" sizes=\"(max-width: 121px) 100vw, 121px\" \/><\/td>\n<td style=\"width: 50%;\">\n<ol>\n<li>Dein Empfehlunglink<\/li>\n<li>Personen welche \u00fcber deinen Link beigetretten sind<\/li>\n<\/ol>\n<\/td>\n<\/tr>\n<\/tbody>\n<\/table>\n<p>[\/et_pb_text][et_pb_text _builder_version=&#8220;4.27.5&#8243; _module_preset=&#8220;default&#8220; global_colors_info=&#8220;{}&#8220;]<\/p>\n<h1>Reinvestieren oder Auszahlen<\/h1>\n<table border=\"1\" style=\"border-collapse: collapse; width: 100%;\">\n<tbody>\n<tr>\n<td style=\"width: 50%;\"><img loading=\"lazy\" decoding=\"async\" src=\"http:\/\/mykrypto.ch\/wp\/wp-content\/uploads\/2026\/03\/ProfitHub04-122x300.jpg\" width=\"122\" height=\"300\" alt=\"\" class=\"wp-image-28939 alignnone size-medium\" srcset=\"http:\/\/mykrypto.ch\/wp\/wp-content\/uploads\/2026\/03\/ProfitHub04-122x300.jpg 122w, http:\/\/mykrypto.ch\/wp\/wp-content\/uploads\/2026\/03\/ProfitHub04.jpg 384w\" sizes=\"(max-width: 122px) 100vw, 122px\" \/><\/td>\n<td style=\"width: 50%;\">\n<ol>\n<li>\u00a0Reinvestieren<\/li>\n<li>Auszahlen und gew\u00fcnschte W\u00e4hrung ausw\u00e4hlen<\/li>\n<\/ol>\n<p>8TUNG: Auszahlung auf externes Wallet &#8222;Punkt 2&#8220; nur m\u00f6glich, wenn eine eingeladene Person kostenpflichtige Geschwindigkeit gekauft hat oder du mindestens 3usd eingezahlt hast.<\/p>\n<\/td>\n<\/tr>\n<tr>\n<td style=\"width: 50%;\"><img loading=\"lazy\" decoding=\"async\" src=\"http:\/\/mykrypto.ch\/wp\/wp-content\/uploads\/2026\/03\/ProfitHub04a-122x300.jpg\" width=\"122\" height=\"300\" alt=\"\" class=\"wp-image-28940 alignnone size-medium\" srcset=\"http:\/\/mykrypto.ch\/wp\/wp-content\/uploads\/2026\/03\/ProfitHub04a-122x300.jpg 122w, http:\/\/mykrypto.ch\/wp\/wp-content\/uploads\/2026\/03\/ProfitHub04a.jpg 384w\" sizes=\"(max-width: 122px) 100vw, 122px\" \/><\/td>\n<td style=\"width: 50%;\">\n<ol>\n<li>Externes Wallet angeben<\/li>\n<li>Gew\u00fcnschter Betrag<\/li>\n<li>Zahlung best\u00e4tigen. Die Auszahlung ist inner 5Minuten durchgef\u00fchrt.<\/li>\n<\/ol>\n<\/td>\n<\/tr>\n<\/tbody>\n<\/table>\n<p>[\/et_pb_text][et_pb_text _builder_version=&#8220;4.27.5&#8243; _module_preset=&#8220;default&#8220; global_colors_info=&#8220;{}&#8220;]<\/p>\n<h1>Aufgaben<\/h1>\n<table border=\"1\" style=\"border-collapse: collapse; width: 100%;\">\n<tbody>\n<tr>\n<td style=\"width: 50%;\"><img loading=\"lazy\" decoding=\"async\" src=\"http:\/\/mykrypto.ch\/wp\/wp-content\/uploads\/2026\/03\/ProfitHub05-122x300.jpg\" width=\"122\" height=\"300\" alt=\"\" class=\"wp-image-28941 alignnone size-medium\" srcset=\"http:\/\/mykrypto.ch\/wp\/wp-content\/uploads\/2026\/03\/ProfitHub05-122x300.jpg 122w, http:\/\/mykrypto.ch\/wp\/wp-content\/uploads\/2026\/03\/ProfitHub05.jpg 384w\" sizes=\"(max-width: 122px) 100vw, 122px\" \/><\/td>\n<td style=\"width: 50%;\">Aufgaben erledigen<\/td>\n<\/tr>\n<\/tbody>\n<\/table>\n<p>[\/et_pb_text][et_pb_text _builder_version=&#8220;4.27.5&#8243; _module_preset=&#8220;default&#8220; global_colors_info=&#8220;{}&#8220;]<\/p>\n<h1>Verlauf\/History ansehen<\/h1>\n<table border=\"1\" style=\"border-collapse: collapse; width: 100%;\">\n<tbody>\n<tr>\n<td style=\"width: 50%;\"><img loading=\"lazy\" decoding=\"async\" src=\"http:\/\/mykrypto.ch\/wp\/wp-content\/uploads\/2026\/03\/ProfitHub06-113x300.jpg\" width=\"113\" height=\"300\" alt=\"\" class=\"wp-image-28942 alignnone size-medium\" srcset=\"http:\/\/mykrypto.ch\/wp\/wp-content\/uploads\/2026\/03\/ProfitHub06-113x300.jpg 113w, http:\/\/mykrypto.ch\/wp\/wp-content\/uploads\/2026\/03\/ProfitHub06.jpg 376w\" sizes=\"(max-width: 113px) 100vw, 113px\" \/><\/td>\n<td style=\"width: 50%;\">Oeben aufs Men\u00fc klicken und Transaktionsverlauf ausw\u00e4hlen<\/td>\n<\/tr>\n<tr>\n<td style=\"width: 50%;\"><img loading=\"lazy\" decoding=\"async\" src=\"http:\/\/mykrypto.ch\/wp\/wp-content\/uploads\/2026\/03\/ProfitHub06a-122x300.jpg\" width=\"122\" height=\"300\" alt=\"\" class=\"wp-image-28943 alignnone size-medium\" srcset=\"http:\/\/mykrypto.ch\/wp\/wp-content\/uploads\/2026\/03\/ProfitHub06a-122x300.jpg 122w, http:\/\/mykrypto.ch\/wp\/wp-content\/uploads\/2026\/03\/ProfitHub06a.jpg 384w\" sizes=\"(max-width: 122px) 100vw, 122px\" \/><\/td>\n<td style=\"width: 50%;\">\n<p>Hier werden all deine Transaktionen angezeigt.<\/p>\n<ul>\n<li>Einzahlungen<\/li>\n<li>Vermittlungsprovision<\/li>\n<li>Geschwindigkeitsteigerung des Miner<\/li>\n<li>Auszahlung<\/li>\n<\/ul>\n<\/td>\n<\/tr>\n<\/tbody>\n<\/table>\n<p>[\/et_pb_text][\/et_pb_column][\/et_pb_row][\/et_pb_section]<\/p>\n","protected":false},"excerpt":{"rendered":"<p>ProfitHub ist ein App innerhalb des Telegramm &#8217;s Nach jedem benutzen des App oben linkx aufs X klicken um das App zu schliessen Mein Pronzip ist folgendes: Meiner alle 12 Stunden wieder starten. Aufwand pro Tag maximal 2Minuten und verdienst umwandeln un usdT Erst 2 Tage nur mir dem Basis Geschwindigkeit Starten Aufgaben erledigen, die sind meist rasch und einfach zu erledigen. Man bekommt daf\u00fcr Geschwindigkeit f\u00fcr den Miner Nach 1 Woche falls bei Empfehlung noch kein Betrag steht, selbst die 3usd einzahlen und die 1ste Auszahlung durchf\u00fchren, so siehst du wie gut es geht. Ab nun an einem Tag ReInvestieren und am anderem Tag auszahlen aufs externe Wallet &nbsp; Wie ist das App aufgebaut: Miner Verdienteer Betrag zum Auszahlen oder Reinvestieren Wie lange l\u00e4uft der Miner noch oder zum diesen neu Starten Geschwindigkeit des Miner Verdienst, was noch nicht umgewandelt wurde ind usdT Leistung kaufen mit externem Geld Gewunschter Betrag eingeben Wird angezeigt um wieviel schneller der Miner sein wird Betrag bezahlen Zahlungsw\u00e4hrung ausw\u00e4hlen Vermittlung\/Provision Dein Empfehlunglink Personen welche \u00fcber deinen Link beigetretten sind Reinvestieren oder Auszahlen \u00a0Reinvestieren Auszahlen und gew\u00fcnschte W\u00e4hrung ausw\u00e4hlen 8TUNG: Auszahlung auf externes Wallet &#8222;Punkt 2&#8220; nur m\u00f6glich, wenn eine eingeladene Person kostenpflichtige Geschwindigkeit gekauft hat oder du mindestens 3usd eingezahlt hast. Externes Wallet angeben Gew\u00fcnschter Betrag Zahlung best\u00e4tigen. Die Auszahlung ist inner 5Minuten durchgef\u00fchrt. Aufgaben Aufgaben erledigen Verlauf\/History ansehen Oeben aufs Men\u00fc klicken und Transaktionsverlauf ausw\u00e4hlen Hier werden all deine Transaktionen angezeigt. Einzahlungen Vermittlungsprovision Geschwindigkeitsteigerung des Miner&#8230;<\/p>\n","protected":false},"author":1,"featured_media":0,"parent":0,"menu_order":0,"comment_status":"closed","ping_status":"closed","template":"","meta":{"_et_pb_use_builder":"on","_et_pb_old_content":"","_et_gb_content_width":"","footnotes":""},"class_list":["post-28933","page","type-page","status-publish","hentry"],"_links":{"self":[{"href":"http:\/\/mykrypto.ch\/wp\/wp-json\/wp\/v2\/pages\/28933","targetHints":{"allow":["GET"]}}],"collection":[{"href":"http:\/\/mykrypto.ch\/wp\/wp-json\/wp\/v2\/pages"}],"about":[{"href":"http:\/\/mykrypto.ch\/wp\/wp-json\/wp\/v2\/types\/page"}],"author":[{"embeddable":true,"href":"http:\/\/mykrypto.ch\/wp\/wp-json\/wp\/v2\/users\/1"}],"replies":[{"embeddable":true,"href":"http:\/\/mykrypto.ch\/wp\/wp-json\/wp\/v2\/comments?post=28933"}],"version-history":[{"count":4,"href":"http:\/\/mykrypto.ch\/wp\/wp-json\/wp\/v2\/pages\/28933\/revisions"}],"predecessor-version":[{"id":28948,"href":"http:\/\/mykrypto.ch\/wp\/wp-json\/wp\/v2\/pages\/28933\/revisions\/28948"}],"wp:attachment":[{"href":"http:\/\/mykrypto.ch\/wp\/wp-json\/wp\/v2\/media?parent=28933"}],"curies":[{"name":"wp","href":"https:\/\/api.w.org\/{rel}","templated":true}]}}